{"id":120,"date":"2021-02-03T18:02:35","date_gmt":"2021-02-03T18:02:35","guid":{"rendered":"https:\/\/test.be-you-barbara-flury.ch\/?page_id=120"},"modified":"2025-02-10T09:05:02","modified_gmt":"2025-02-10T09:05:02","slug":"tibetische-massagen","status":"publish","type":"page","link":"https:\/\/be-you-barbara-flury.ch\/index.php\/tibetische-massagen\/","title":{"rendered":"Tibetische Massagen"},"content":{"rendered":"\n\n\t\t\t\t<img loading=\"lazy\" decoding=\"async\" src=\"https:\/\/be-you-barbara-flury.ch\/wp-content\/uploads\/2021\/03\/Massage.png\" alt=\"Massage\" itemprop=\"image\" height=\"1201\" width=\"3001\" title=\"Massage\" onerror=\"this.style.display='none'\"  \/>\n<h1>\n\t\tKopf- und Gesichtsmassage\n\t<\/h1>\n\t<h2 id=\"u24296-5\">Schon nach wenigen Minuten hilft Ihnen die Kopfmassage Ihren Kopf zu ent-leeren. Sie f\u00fchlen sich klarer und leichter.<\/h2>\n<h2 id=\"u24296-6\"><\/h2>\n<h2 id=\"u24296-8\">Durch Klopfen, Dr\u00fccken und Zupfen wird die Durchblutung der Kopfhaut gef\u00f6rdert und st\u00e4rkt die Haarwurzeln.<\/h2>\n<h2 id=\"u24296-9\"><\/h2>\n<h2 id=\"u24296-11\">Die Gesichtsmassage bewirkt in erster Linie eine intensive Entspannung. Die Haut wird besser durchblutet, entschlackt und gewinnt so an Elastizit\u00e4t. Sie werden ruhiger, entspannter und ausgeglichener, was sich in einer positiven Ausstrahlung zeigt.<\/h2>\n<h1 id=\"u24277-2\">&#8211; Massagen mit Wow-Effekt! &#8211;<\/h1>\n\t<h4>Kopf- und Gesichtsmassage<br \/>\n1 \u00bd Stunde\u00a0 \u00a0 \u00a0 Fr. 90.-<\/h4>\n\t<h4>Kopf ent-leeren<br \/>\n15 Minuten\u00a0 \u00a0 \u00a0Fr. 21.-<\/h4>\n\t<h4>Kopfmassage inkl. Nacken, Schultern und oberer R\u00fcckenbereich<br \/>\n30 Minuten\u00a0 \u00a0 \u00a0 Fr. 45.-<\/h4>\n<h1>\n\t\tEnergetische R\u00fcckenmassage\n\t<\/h1>\n\t<h2 id=\"u24296-5\">Diese energetische Massage mit sehr sanftem Druck bewirkt eine Tiefenentspannung und l\u00f6st\u00a0 Verspannungen.<\/h2>\n<h2 id=\"u24296-6\"><\/h2>\n<h2 id=\"u24296-8\">Sie wirkt \u00fcber das Energiesystem der Chakren. Gleichzeitig werden die Meridiane, das Nervensystem und die Lymphbahnen angeregt und stimuliert.<\/h2>\n<h2 id=\"u24296-9\"><\/h2>\n<h2 id=\"u24296-11\">Eine Wunder-bare Massage f\u00fcr K\u00f6rper, Geist und Seele, die Sie in Ihre Mitte bringt.<\/h2>\n\t<h4>R\u00fcckenmassage<br \/>\n1 \u00bd Stunde\u00a0 \u00a0 \u00a0 Fr. 90.-<\/h4>\n<h1 id=\"u24277-2\">&#8211; Be You &#8211;<\/h1>\n\t\t\t\t<img loading=\"lazy\" decoding=\"async\" src=\"https:\/\/be-you-barbara-flury.ch\/wp-content\/uploads\/2021\/02\/Bilder_Massage.png\" alt=\"Bilder_Massage\" itemprop=\"image\" height=\"279\" width=\"1005\" title=\"Bilder_Massage\" onerror=\"this.style.display='none'\"  \/>\n<h1 id=\"u24277-2\">&#8211; Profitieren Sie von 10%&nbsp;Rabatt\u00a0auf das Massagen-5er-Abo &#8211;<\/h1>\n\tHerrengasse 10<br \/>\n4710 Balsthal\nTermine nach Vereinbarung<br \/>\n062 391 22 42 oder 079 810 38 21\n\t<p><a href=\"https:\/\/be-you-barbara-flury.ch\/index.php\/be-you\/\">Be-YOU<\/a> \u00a0 \u00a0 \u00a0 <a href=\"https:\/\/be-you-barbara-flury.ch\/index.php\/kontakt\/\">Kontakt<\/a><\/p>\n\n","protected":false},"excerpt":{"rendered":"<p>Kopf- und Gesichtsmassage Schon nach wenigen Minuten hilft Ihnen die Kopfmassage Ihren Kopf zu ent-leeren. Sie f\u00fchlen sich klarer und leichter. Durch Klopfen, Dr\u00fccken und Zupfen wird die Durchblutung der Kopfhaut gef\u00f6rdert und st\u00e4rkt die Haarwurzeln. Die Gesichtsmassage bewirkt in erster Linie eine intensive Entspannung. Die Haut wird besser durchblutet, entschlackt und gewinnt so an&hellip;<\/p>\n","protected":false},"author":1,"featured_media":0,"parent":0,"menu_order":0,"comment_status":"closed","ping_status":"closed","template":"","meta":{"footnotes":""},"class_list":["post-120","page","type-page","status-publish","hentry"],"_links":{"self":[{"href":"https:\/\/be-you-barbara-flury.ch\/index.php\/wp-json\/wp\/v2\/pages\/120","targetHints":{"allow":["GET"]}}],"collection":[{"href":"https:\/\/be-you-barbara-flury.ch\/index.php\/wp-json\/wp\/v2\/pages"}],"about":[{"href":"https:\/\/be-you-barbara-flury.ch\/index.php\/wp-json\/wp\/v2\/types\/page"}],"author":[{"embeddable":true,"href":"https:\/\/be-you-barbara-flury.ch\/index.php\/wp-json\/wp\/v2\/users\/1"}],"replies":[{"embeddable":true,"href":"https:\/\/be-you-barbara-flury.ch\/index.php\/wp-json\/wp\/v2\/comments?post=120"}],"version-history":[{"count":51,"href":"https:\/\/be-you-barbara-flury.ch\/index.php\/wp-json\/wp\/v2\/pages\/120\/revisions"}],"predecessor-version":[{"id":542,"href":"https:\/\/be-you-barbara-flury.ch\/index.php\/wp-json\/wp\/v2\/pages\/120\/revisions\/542"}],"wp:attachment":[{"href":"https:\/\/be-you-barbara-flury.ch\/index.php\/wp-json\/wp\/v2\/media?parent=120"}],"curies":[{"name":"wp","href":"https:\/\/api.w.org\/{rel}","templated":true}]}}