{"id":97,"date":"2021-01-30T14:57:58","date_gmt":"2021-01-30T14:57:58","guid":{"rendered":"https:\/\/test.be-you-barbara-flury.ch\/?page_id=97"},"modified":"2024-09-04T16:38:49","modified_gmt":"2024-09-04T16:38:49","slug":"energetisches-haareschneiden","status":"publish","type":"page","link":"https:\/\/be-you-barbara-flury.ch\/index.php\/energetisches-haareschneiden\/","title":{"rendered":"Energetisches Haareschneiden"},"content":{"rendered":"\n\n\t\t\t\t<img decoding=\"async\" src=\"https:\/\/be-you-barbara-flury.ch\/wp-content\/uploads\/2021\/03\/Haareschneiden.png\" alt=\"\" itemprop=\"image\" onerror=\"this.style.display='none'\"  \/>\n\t<h2 id=\"u23709-2\">Im Gespr\u00e4ch finden wir den passenden Haarschnitt.<\/h2>\n<h2 id=\"u23709-3\"><\/h2>\n<h2 id=\"u23709-5\">Nach dem Haarewaschen erhalten Sie eine kurze tibetische Kopfmassage, die sich auf Wunsch auch verl\u00e4ngern l\u00e4sst.<\/h2>\n<h2 id=\"u23709-7\">Das Haareschneiden erfolgt in der Stille. Konzentriert und achtsam entsteht der neue Haarschnitt.<\/h2>\n<h2 id=\"u23709-9\">F\u00f6hnen und Styling nach be-lieben runden dieses Haar-Erlebnis ab.<\/h2>\n<h2 id=\"u23709-10\"><\/h2>\n<h2 id=\"u23709-12\">W\u00e4hlen Sie vom Denken in die Wahr-nehmung zu gehen und erleben Sie eine Behandlung zum Wohl-f\u00fchlen.<\/h2>\n\t\t\t\t<img loading=\"lazy\" decoding=\"async\" src=\"https:\/\/be-you-barbara-flury.ch\/wp-content\/uploads\/2024\/09\/Bilder_Haareschneiden_2024.png\" alt=\"Bilder_Haareschneiden_2024\" itemprop=\"image\" height=\"1002\" width=\"4003\" title=\"Bilder_Haareschneiden_2024\" onerror=\"this.style.display='none'\"  \/>\n<h2 id=\"u24277-2\">Haare werden voller und kr\u00e4ftiger<\/h2>\n<h2>steigert Selbstwertgef\u00fchl und Selbstsicherheit<\/h2>\n<h2>Jeder Haarschnitt\u00a0 bringt Sie einen Schritt n\u00e4her zu sich<\/h2>\n<h1 id=\"u24277-2\">&#8211; Be You &#8211;<\/h1>\n<h2 id=\"u25355-2\">Preis nach Dauer und Aufwand<\/h2>\n<h2 id=\"u25355-4\">Damen ab Fr. 90.-<br \/>\nHerren ab Fr. 60.-<br \/>\nKinder ab Fr. 30.-<\/h2>\n\tHerrengasse 10<br \/>\n4710 Balsthal\nTermine nach Vereinbarung<br \/>\n062 391 22 42 oder 079 810 38 21\n\t<p><a href=\"https:\/\/be-you-barbara-flury.ch\/index.php\/be-you\/\">Be-YOU<\/a> \u00a0 \u00a0 \u00a0 <a href=\"https:\/\/be-you-barbara-flury.ch\/index.php\/kontakt\/\">Kontakt<\/a><\/p>\n\n","protected":false},"excerpt":{"rendered":"<p>Im Gespr\u00e4ch finden wir den passenden Haarschnitt. Nach dem Haarewaschen erhalten Sie eine kurze tibetische Kopfmassage, die sich auf Wunsch auch verl\u00e4ngern l\u00e4sst. Das Haareschneiden erfolgt in der Stille. Konzentriert und achtsam entsteht der neue Haarschnitt. F\u00f6hnen und Styling nach be-lieben runden dieses Haar-Erlebnis ab. W\u00e4hlen Sie vom Denken in die Wahr-nehmung zu gehen und&hellip;<\/p>\n","protected":false},"author":1,"featured_media":0,"parent":0,"menu_order":0,"comment_status":"closed","ping_status":"closed","template":"","meta":{"footnotes":""},"class_list":["post-97","page","type-page","status-publish","hentry"],"_links":{"self":[{"href":"https:\/\/be-you-barbara-flury.ch\/index.php\/wp-json\/wp\/v2\/pages\/97","targetHints":{"allow":["GET"]}}],"collection":[{"href":"https:\/\/be-you-barbara-flury.ch\/index.php\/wp-json\/wp\/v2\/pages"}],"about":[{"href":"https:\/\/be-you-barbara-flury.ch\/index.php\/wp-json\/wp\/v2\/types\/page"}],"author":[{"embeddable":true,"href":"https:\/\/be-you-barbara-flury.ch\/index.php\/wp-json\/wp\/v2\/users\/1"}],"replies":[{"embeddable":true,"href":"https:\/\/be-you-barbara-flury.ch\/index.php\/wp-json\/wp\/v2\/comments?post=97"}],"version-history":[{"count":30,"href":"https:\/\/be-you-barbara-flury.ch\/index.php\/wp-json\/wp\/v2\/pages\/97\/revisions"}],"predecessor-version":[{"id":512,"href":"https:\/\/be-you-barbara-flury.ch\/index.php\/wp-json\/wp\/v2\/pages\/97\/revisions\/512"}],"wp:attachment":[{"href":"https:\/\/be-you-barbara-flury.ch\/index.php\/wp-json\/wp\/v2\/media?parent=97"}],"curies":[{"name":"wp","href":"https:\/\/api.w.org\/{rel}","templated":true}]}}